{"id":1127,"date":"2021-02-01T11:20:12","date_gmt":"2021-02-01T10:20:12","guid":{"rendered":"https:\/\/www.dieteticagirasol.es\/zero-waste\/"},"modified":"2021-03-23T15:52:37","modified_gmt":"2021-03-23T14:52:37","slug":"zero-waste","status":"publish","type":"page","link":"https:\/\/www.dieteticagirasol.es\/ca\/zero-waste\/","title":{"rendered":"Zero waste"},"content":{"rendered":"<p>[vc_row css_animation=&#8221;&#8221; row_type=&#8221;row&#8221; use_row_as_full_screen_section=&#8221;no&#8221; type=&#8221;full_width&#8221; angled_section=&#8221;no&#8221; text_align=&#8221;left&#8221; background_image_as_pattern=&#8221;without_pattern&#8221;][vc_column][vc_empty_space][\/vc_column][\/vc_row][vc_row css_animation=&#8221;&#8221; row_type=&#8221;row&#8221; use_row_as_full_screen_section=&#8221;no&#8221; type=&#8221;full_width&#8221; angled_section=&#8221;no&#8221; text_align=&#8221;left&#8221; background_image_as_pattern=&#8221;without_pattern&#8221;][vc_column width=&#8221;1\/2&#8243;][vc_single_image image=&#8221;1128&#8243; img_size=&#8221;full&#8221; qode_css_animation=&#8221;&#8221;][\/vc_column][vc_column width=&#8221;1\/2&#8243;][vc_column_text el_class=&#8221;tit-waste&#8221;]<strong>HIGIENE CORPORAL<\/strong>[\/vc_column_text][vc_empty_space][vc_column_text el_class=&#8221;text-prod&#8221;]Cos, cara i cabell\u00a0zerowaste:<br \/>\nXamp\u00fas s\u00f2lids<br \/>\nSabons s\u00f2lids<br \/>\nNeteja facial s\u00f2lida<br \/>\nSabons per a l\u2019afaitat<br \/>\nSabons per depilaci\u00f3<br \/>\nLabials<br \/>\nDesodorants[\/vc_column_text][vc_empty_space][vc_column_text el_class=&#8221;text-prod&#8221;]Algunes de les nostres marques s\u00f3n:<br \/>\nFloconut<br \/>\nBioturm<br \/>\nSecrets de Provence<br \/>\nLa Corvette<br \/>\nWe Love the planet<br \/>\n.<br \/>\n.<br \/>\n.[\/vc_column_text][vc_empty_space][\/vc_column][\/vc_row][vc_row css_animation=&#8221;&#8221; row_type=&#8221;row&#8221; use_row_as_full_screen_section=&#8221;no&#8221; type=&#8221;full_width&#8221; angled_section=&#8221;no&#8221; text_align=&#8221;left&#8221; background_image_as_pattern=&#8221;without_pattern&#8221;][vc_column width=&#8221;1\/2&#8243;][vc_single_image image=&#8221;1130&#8243; img_size=&#8221;full&#8221; qode_css_animation=&#8221;&#8221;][\/vc_column][vc_column width=&#8221;1\/2&#8243;][vc_column_text el_class=&#8221;tit-waste&#8221;]<strong>HIGIENE BUCAL<\/strong>[\/vc_column_text][vc_empty_space][vc_column_text el_class=&#8221;text-prod&#8221;]Per a una higiene bucal sense pl\u00e0stics trobar\u00e0s:<br \/>\nDentifricis s\u00f2lids<br \/>\nDentifricis en crema<br \/>\nDentifricis en pastilla<br \/>\nDentifricis per a nens<br \/>\nCol\u00b7lutoris en pastilla o env\u00e0s de vidre.<br \/>\nRaspalls de dents de bamb\u00fa<br \/>\nRaspalls de dents recarregables<br \/>\nFil dental[\/vc_column_text][vc_empty_space][vc_column_text el_class=&#8221;text-prod&#8221;]Algunes de les nostres marques s\u00f3n:<br \/>\nGeorganics<br \/>\nEliha Sahil<br \/>\nYaweco<br \/>\nBioseptyl<br \/>\nBio Bamb\u00fa<br \/>\nNordics<br \/>\n.<br \/>\n.<br \/>\n.[\/vc_column_text][vc_empty_space][\/vc_column][\/vc_row][vc_row css_animation=&#8221;&#8221; row_type=&#8221;row&#8221; use_row_as_full_screen_section=&#8221;no&#8221; type=&#8221;full_width&#8221; angled_section=&#8221;no&#8221; text_align=&#8221;left&#8221; background_image_as_pattern=&#8221;without_pattern&#8221;][vc_column width=&#8221;1\/2&#8243;][vc_single_image image=&#8221;1131&#8243; img_size=&#8221;full&#8221; qode_css_animation=&#8221;&#8221;][\/vc_column][vc_column width=&#8221;1\/2&#8243;][vc_column_text el_class=&#8221;tit-waste&#8221;]<strong>ACCESSORIS<\/strong>[\/vc_column_text][vc_empty_space][vc_column_text el_class=&#8221;text-prod&#8221;]Espelmes sense pl\u00e0stic<br \/>\nAmbientadors s\u00f2lids o de vidre<br \/>\nEsponges per a la dutxa<br \/>\nExfoliants<br \/>\nMassatjadors<br \/>\nRaspalls i pintes per al cabell<br \/>\nComplements Facials[\/vc_column_text][vc_empty_space][vc_column_text el_class=&#8221;text-prod&#8221;]Algunes de les nostres marques s\u00f3n:<br \/>\nInnonce Natural Home<br \/>\nTek<br \/>\nWe Love the Planet<br \/>\nNatura Bio<br \/>\n.<br \/>\n.<br \/>\n.[\/vc_column_text][vc_empty_space][\/vc_column][\/vc_row]<\/p>\n","protected":false},"excerpt":{"rendered":"<p>[vc_row css_animation=&#8221;&#8221; row_type=&#8221;row&#8221; use_row_as_full_screen_section=&#8221;no&#8221; type=&#8221;full_width&#8221; angled_section=&#8221;no&#8221; text_align=&#8221;left&#8221; background_image_as_pattern=&#8221;without_pattern&#8221;][vc_column][vc_empty_space][\/vc_column][\/vc_row][vc_row css_animation=&#8221;&#8221; row_type=&#8221;row&#8221; use_row_as_full_screen_section=&#8221;no&#8221; type=&#8221;full_width&#8221; angled_section=&#8221;no&#8221; text_align=&#8221;left&#8221; background_image_as_pattern=&#8221;without_pattern&#8221;][vc_column width=&#8221;1\/2&#8243;][vc_single_image image=&#8221;1128&#8243; img_size=&#8221;full&#8221; qode_css_animation=&#8221;&#8221;][\/vc_column][vc_column width=&#8221;1\/2&#8243;][vc_column_text el_class=&#8221;tit-waste&#8221;]HIGIENE CORPORAL[\/vc_column_text][vc_empty_space][vc_column_text el_class=&#8221;text-prod&#8221;]Cos, cara i cabell\u00a0zerowaste: Xamp\u00fas s\u00f2lids Sabons s\u00f2lids Neteja facial s\u00f2lida Sabons per a l\u2019afaitat Sabons per depilaci\u00f3 Labials Desodorants[\/vc_column_text][vc_empty_space][vc_column_text el_class=&#8221;text-prod&#8221;]Algunes de les&#8230;<\/p>\n","protected":false},"author":1,"featured_media":0,"parent":0,"menu_order":0,"comment_status":"closed","ping_status":"closed","template":"","meta":{"footnotes":""},"class_list":["post-1127","page","type-page","status-publish","hentry"],"yoast_head":"<!-- This site is optimized with the Yoast SEO plugin v26.9 - https:\/\/yoast.com\/product\/yoast-seo-wordpress\/ -->\n<title>Productes Cosm\u00e8tica Zero Waste - Diet\u00e9tica Girasol<\/title>\n<meta name=\"description\" content=\"Oferim productes Zero Waste de primeres marques. Higiene bucal, higiene corporal i accessoris. Descobreix-los!\" \/>\n<meta name=\"robots\" content=\"index, follow, max-snippet:-1, max-image-preview:large, max-video-preview:-1\" \/>\n<link rel=\"canonical\" href=\"https:\/\/www.dieteticagirasol.es\/ca\/zero-waste\/\" \/>\n<meta property=\"og:locale\" content=\"ca_ES\" \/>\n<meta property=\"og:type\" content=\"article\" \/>\n<meta property=\"og:title\" content=\"Productes Cosm\u00e8tica Zero Waste - Diet\u00e9tica Girasol\" \/>\n<meta property=\"og:description\" content=\"Oferim productes Zero Waste de primeres marques. Higiene bucal, higiene corporal i accessoris. Descobreix-los!\" \/>\n<meta property=\"og:url\" content=\"https:\/\/www.dieteticagirasol.es\/ca\/zero-waste\/\" \/>\n<meta property=\"og:site_name\" content=\"Diet\u00e9tica Girasol\" \/>\n<meta property=\"article:modified_time\" content=\"2021-03-23T14:52:37+00:00\" \/>\n<meta property=\"og:image\" content=\"https:\/\/www.dieteticagirasol.es\/wp-content\/uploads\/2021\/02\/cereales.jpg\" \/>\n\t<meta property=\"og:image:width\" content=\"1000\" \/>\n\t<meta property=\"og:image:height\" content=\"667\" \/>\n\t<meta property=\"og:image:type\" content=\"image\/jpeg\" \/>\n<meta name=\"twitter:card\" content=\"summary_large_image\" \/>\n<script type=\"application\/ld+json\" class=\"yoast-schema-graph\">{\"@context\":\"https:\/\/schema.org\",\"@graph\":[{\"@type\":\"WebPage\",\"@id\":\"https:\/\/www.dieteticagirasol.es\/ca\/zero-waste\/\",\"url\":\"https:\/\/www.dieteticagirasol.es\/ca\/zero-waste\/\",\"name\":\"Productes Cosm\u00e8tica Zero Waste - Diet\u00e9tica Girasol\",\"isPartOf\":{\"@id\":\"https:\/\/www.dieteticagirasol.es\/ca\/#website\"},\"datePublished\":\"2021-02-01T10:20:12+00:00\",\"dateModified\":\"2021-03-23T14:52:37+00:00\",\"description\":\"Oferim productes Zero Waste de primeres marques. Higiene bucal, higiene corporal i accessoris. Descobreix-los!\",\"breadcrumb\":{\"@id\":\"https:\/\/www.dieteticagirasol.es\/ca\/zero-waste\/#breadcrumb\"},\"inLanguage\":\"ca\",\"potentialAction\":[{\"@type\":\"ReadAction\",\"target\":[\"https:\/\/www.dieteticagirasol.es\/ca\/zero-waste\/\"]}]},{\"@type\":\"BreadcrumbList\",\"@id\":\"https:\/\/www.dieteticagirasol.es\/ca\/zero-waste\/#breadcrumb\",\"itemListElement\":[{\"@type\":\"ListItem\",\"position\":1,\"name\":\"Inici\",\"item\":\"https:\/\/www.dieteticagirasol.es\/ca\/\"},{\"@type\":\"ListItem\",\"position\":2,\"name\":\"Zero waste\"}]},{\"@type\":\"WebSite\",\"@id\":\"https:\/\/www.dieteticagirasol.es\/ca\/#website\",\"url\":\"https:\/\/www.dieteticagirasol.es\/ca\/\",\"name\":\"Herborister\u00eda y Diet\u00e9tica Girasol\",\"description\":\"\",\"publisher\":{\"@id\":\"https:\/\/www.dieteticagirasol.es\/ca\/#organization\"},\"alternateName\":\"Herborister\u00eda y Diet\u00e9tica Girasol\",\"potentialAction\":[{\"@type\":\"SearchAction\",\"target\":{\"@type\":\"EntryPoint\",\"urlTemplate\":\"https:\/\/www.dieteticagirasol.es\/ca\/?s={search_term_string}\"},\"query-input\":{\"@type\":\"PropertyValueSpecification\",\"valueRequired\":true,\"valueName\":\"search_term_string\"}}],\"inLanguage\":\"ca\"},{\"@type\":\"Organization\",\"@id\":\"https:\/\/www.dieteticagirasol.es\/ca\/#organization\",\"name\":\"Diet\u00e8tica Girasol\",\"url\":\"https:\/\/www.dieteticagirasol.es\/ca\/\",\"logo\":{\"@type\":\"ImageObject\",\"inLanguage\":\"ca\",\"@id\":\"https:\/\/www.dieteticagirasol.es\/ca\/#\/schema\/logo\/image\/\",\"url\":\"https:\/\/www.dieteticagirasol.es\/wp-content\/uploads\/2021\/02\/girasol-logo.png\",\"contentUrl\":\"https:\/\/www.dieteticagirasol.es\/wp-content\/uploads\/2021\/02\/girasol-logo.png\",\"width\":256,\"height\":100,\"caption\":\"Diet\u00e8tica Girasol\"},\"image\":{\"@id\":\"https:\/\/www.dieteticagirasol.es\/ca\/#\/schema\/logo\/image\/\"},\"sameAs\":[\"https:\/\/www.instagram.com\/dietetica_girasol\/\"]}]}<\/script>\n<!-- \/ Yoast SEO plugin. -->","yoast_head_json":{"title":"Productes Cosm\u00e8tica Zero Waste - Diet\u00e9tica Girasol","description":"Oferim productes Zero Waste de primeres marques. Higiene bucal, higiene corporal i accessoris. Descobreix-los!","robots":{"index":"index","follow":"follow","max-snippet":"max-snippet:-1","max-image-preview":"max-image-preview:large","max-video-preview":"max-video-preview:-1"},"canonical":"https:\/\/www.dieteticagirasol.es\/ca\/zero-waste\/","og_locale":"ca_ES","og_type":"article","og_title":"Productes Cosm\u00e8tica Zero Waste - Diet\u00e9tica Girasol","og_description":"Oferim productes Zero Waste de primeres marques. Higiene bucal, higiene corporal i accessoris. Descobreix-los!","og_url":"https:\/\/www.dieteticagirasol.es\/ca\/zero-waste\/","og_site_name":"Diet\u00e9tica Girasol","article_modified_time":"2021-03-23T14:52:37+00:00","og_image":[{"width":1000,"height":667,"url":"https:\/\/www.dieteticagirasol.es\/wp-content\/uploads\/2021\/02\/cereales.jpg","type":"image\/jpeg"}],"twitter_card":"summary_large_image","schema":{"@context":"https:\/\/schema.org","@graph":[{"@type":"WebPage","@id":"https:\/\/www.dieteticagirasol.es\/ca\/zero-waste\/","url":"https:\/\/www.dieteticagirasol.es\/ca\/zero-waste\/","name":"Productes Cosm\u00e8tica Zero Waste - Diet\u00e9tica Girasol","isPartOf":{"@id":"https:\/\/www.dieteticagirasol.es\/ca\/#website"},"datePublished":"2021-02-01T10:20:12+00:00","dateModified":"2021-03-23T14:52:37+00:00","description":"Oferim productes Zero Waste de primeres marques. Higiene bucal, higiene corporal i accessoris. Descobreix-los!","breadcrumb":{"@id":"https:\/\/www.dieteticagirasol.es\/ca\/zero-waste\/#breadcrumb"},"inLanguage":"ca","potentialAction":[{"@type":"ReadAction","target":["https:\/\/www.dieteticagirasol.es\/ca\/zero-waste\/"]}]},{"@type":"BreadcrumbList","@id":"https:\/\/www.dieteticagirasol.es\/ca\/zero-waste\/#breadcrumb","itemListElement":[{"@type":"ListItem","position":1,"name":"Inici","item":"https:\/\/www.dieteticagirasol.es\/ca\/"},{"@type":"ListItem","position":2,"name":"Zero waste"}]},{"@type":"WebSite","@id":"https:\/\/www.dieteticagirasol.es\/ca\/#website","url":"https:\/\/www.dieteticagirasol.es\/ca\/","name":"Herborister\u00eda y Diet\u00e9tica Girasol","description":"","publisher":{"@id":"https:\/\/www.dieteticagirasol.es\/ca\/#organization"},"alternateName":"Herborister\u00eda y Diet\u00e9tica Girasol","potentialAction":[{"@type":"SearchAction","target":{"@type":"EntryPoint","urlTemplate":"https:\/\/www.dieteticagirasol.es\/ca\/?s={search_term_string}"},"query-input":{"@type":"PropertyValueSpecification","valueRequired":true,"valueName":"search_term_string"}}],"inLanguage":"ca"},{"@type":"Organization","@id":"https:\/\/www.dieteticagirasol.es\/ca\/#organization","name":"Diet\u00e8tica Girasol","url":"https:\/\/www.dieteticagirasol.es\/ca\/","logo":{"@type":"ImageObject","inLanguage":"ca","@id":"https:\/\/www.dieteticagirasol.es\/ca\/#\/schema\/logo\/image\/","url":"https:\/\/www.dieteticagirasol.es\/wp-content\/uploads\/2021\/02\/girasol-logo.png","contentUrl":"https:\/\/www.dieteticagirasol.es\/wp-content\/uploads\/2021\/02\/girasol-logo.png","width":256,"height":100,"caption":"Diet\u00e8tica Girasol"},"image":{"@id":"https:\/\/www.dieteticagirasol.es\/ca\/#\/schema\/logo\/image\/"},"sameAs":["https:\/\/www.instagram.com\/dietetica_girasol\/"]}]}},"_links":{"self":[{"href":"https:\/\/www.dieteticagirasol.es\/ca\/wp-json\/wp\/v2\/pages\/1127","targetHints":{"allow":["GET"]}}],"collection":[{"href":"https:\/\/www.dieteticagirasol.es\/ca\/wp-json\/wp\/v2\/pages"}],"about":[{"href":"https:\/\/www.dieteticagirasol.es\/ca\/wp-json\/wp\/v2\/types\/page"}],"author":[{"embeddable":true,"href":"https:\/\/www.dieteticagirasol.es\/ca\/wp-json\/wp\/v2\/users\/1"}],"replies":[{"embeddable":true,"href":"https:\/\/www.dieteticagirasol.es\/ca\/wp-json\/wp\/v2\/comments?post=1127"}],"version-history":[{"count":0,"href":"https:\/\/www.dieteticagirasol.es\/ca\/wp-json\/wp\/v2\/pages\/1127\/revisions"}],"wp:attachment":[{"href":"https:\/\/www.dieteticagirasol.es\/ca\/wp-json\/wp\/v2\/media?parent=1127"}],"curies":[{"name":"wp","href":"https:\/\/api.w.org\/{rel}","templated":true}]}}