{"id":1192,"date":"2018-05-04T10:17:25","date_gmt":"2018-05-04T10:17:25","guid":{"rendered":"https:\/\/www.dieteticagirasol.es\/contacto\/"},"modified":"2021-03-23T15:47:31","modified_gmt":"2021-03-23T14:47:31","slug":"contacte","status":"publish","type":"page","link":"https:\/\/www.dieteticagirasol.es\/ca\/contacte\/","title":{"rendered":"Contacte"},"content":{"rendered":"<p>[vc_row css_animation=&#8221;&#8221; row_type=&#8221;row&#8221; use_row_as_full_screen_section=&#8221;no&#8221; type=&#8221;grid&#8221; angled_section=&#8221;no&#8221; text_align=&#8221;center&#8221; background_image_as_pattern=&#8221;without_pattern&#8221; z_index=&#8221;&#8221; css=&#8221;.vc_custom_1612517192060{padding-top: 40px !important;padding-bottom: 40px !important;background-position: center !important;background-repeat: no-repeat !important;background-size: cover !important;}&#8221;][vc_column][vc_row_inner row_type=&#8221;row&#8221; type=&#8221;full_width&#8221; text_align=&#8221;center&#8221; css_animation=&#8221;&#8221;][vc_column_inner css=&#8221;.vc_custom_1525441454292{border-top-width: 4px !important;border-right-width: 4px !important;border-bottom-width: 44px !important;border-left-width: 4px !important;padding-top: 60px !important;background-color: #fbf4f7 !important;border-left-color: #fbf4f7 !important;border-left-style: solid !important;border-right-color: #fbf4f7 !important;border-right-style: solid !important;border-top-color: #fbf4f7 !important;border-top-style: solid !important;border-bottom-color: #fbf4f7 !important;border-bottom-style: solid !important;border-radius: 5px !important;}&#8221; offset=&#8221;vc_col-md-7&#8243;][vc_column_text el_class=&#8221;tit-contacto&#8221; css=&#8221;.vc_custom_1616430754678{padding-bottom: 20px !important;padding-left: 80px !important;}&#8221;]<\/p>\n<h2 style=\"text-align: left;\">Escriu-nos!<\/h2>\n<p>[\/vc_column_text][qode_elements_holder number_of_columns=&#8221;one_column&#8221;][qode_elements_holder_item horizontal_alignment=&#8221;left&#8221; advanced_animations=&#8221;no&#8221; item_padding=&#8221;0px 80px 0px&#8221; item_padding_1280_1440=&#8221;0px 55px 0px&#8221; item_padding_1024_1280=&#8221;0px 55px 0px&#8221; item_padding_768_1024=&#8221;0px 20px 0px&#8221; item_padding_600_768=&#8221;0px 20px 0px&#8221; item_padding_480_600=&#8221;0px 10px 0px&#8221; item_padding_480=&#8221;0px 10px 0px&#8221;]\n<div class=\"wpcf7 no-js\" id=\"wpcf7-f1195-o1\" lang=\"es-ES\" dir=\"ltr\" data-wpcf7-id=\"1195\">\n<div class=\"screen-reader-response\"><p role=\"status\" aria-live=\"polite\" aria-atomic=\"true\"><\/p> <ul><\/ul><\/div>\n<form action=\"\/ca\/wp-json\/wp\/v2\/pages\/1192#wpcf7-f1195-o1\" method=\"post\" class=\"wpcf7-form init cf7_custom_style_1 wpcf7-acceptance-as-validation\" aria-label=\"Formulario de contacto\" novalidate=\"novalidate\" data-status=\"init\">\n<fieldset class=\"hidden-fields-container\"><input type=\"hidden\" name=\"_wpcf7\" value=\"1195\" \/><input type=\"hidden\" name=\"_wpcf7_version\" value=\"6.1.4\" \/><input type=\"hidden\" name=\"_wpcf7_locale\" value=\"es_ES\" \/><input type=\"hidden\" name=\"_wpcf7_unit_tag\" value=\"wpcf7-f1195-o1\" \/><input type=\"hidden\" name=\"_wpcf7_container_post\" value=\"0\" \/><input type=\"hidden\" name=\"_wpcf7_posted_data_hash\" value=\"\" \/><input type=\"hidden\" name=\"_wpcf7_recaptcha_response\" value=\"\" \/>\n<\/fieldset>\n<p><label> Nom *<br \/>\n<span class=\"wpcf7-form-control-wrap\" data-name=\"your-name\"><input size=\"40\" maxlength=\"400\" class=\"wpcf7-form-control wpcf7-text wpcf7-validates-as-required\" aria-required=\"true\" aria-invalid=\"false\" value=\"\" type=\"text\" name=\"your-name\" \/><\/span> <\/label>\n<\/p>\n<p><label> Adre\u00e7a electr\u00f2nica<br \/>\n<span class=\"wpcf7-form-control-wrap\" data-name=\"your-email\"><input size=\"40\" maxlength=\"400\" class=\"wpcf7-form-control wpcf7-email wpcf7-validates-as-required wpcf7-text wpcf7-validates-as-email\" aria-required=\"true\" aria-invalid=\"false\" value=\"\" type=\"email\" name=\"your-email\" \/><\/span> <\/label>\n<\/p>\n<p><label> Tel\u00e8fon<br \/>\n<span class=\"wpcf7-form-control-wrap\" data-name=\"your-phone\"><input size=\"40\" maxlength=\"400\" class=\"wpcf7-form-control wpcf7-tel wpcf7-text wpcf7-validates-as-tel\" aria-invalid=\"false\" value=\"\" type=\"tel\" name=\"your-phone\" \/><\/span> <\/label>\n<\/p>\n<p><label> Missatge*<br \/>\n<span class=\"wpcf7-form-control-wrap\" data-name=\"your-message\"><textarea cols=\"40\" rows=\"10\" maxlength=\"2000\" class=\"wpcf7-form-control wpcf7-textarea\" aria-invalid=\"false\" name=\"your-message\"><\/textarea><\/span> <\/label>\n<\/p>\n<p class=\"acepto\"><br \/>\n<span class=\"wpcf7-form-control-wrap\" data-name=\"acceptance-515\"><span class=\"wpcf7-form-control wpcf7-acceptance\"><span class=\"wpcf7-list-item\"><input type=\"checkbox\" name=\"acceptance-515\" value=\"1\" aria-invalid=\"false\" \/><\/span><\/span><\/span> He llegit i accepto la <a href=\"https:\/\/www.dieteticagirasol.es\/ca\/politica-de-privacitat\/\" target=\"_blank\">pol\u00edtica de privactat<\/a>\n<\/p>\n<p><input class=\"wpcf7-form-control wpcf7-submit has-spinner\" type=\"submit\" value=\"Enviar\" \/>\n<\/p><div class=\"wpcf7-response-output\" aria-hidden=\"true\"><\/div>\n<\/form>\n<\/div>\n[\/qode_elements_holder_item][\/qode_elements_holder][\/vc_column_inner][vc_column_inner offset=&#8221;vc_col-md-5&#8243;][vc_gmaps link=&#8221;#E-8_JTNDaWZyYW1lJTIwc3JjJTNEJTIyaHR0cHMlM0ElMkYlMkZ3d3cuZ29vZ2xlLmNvbSUyRm1hcHMlMkZlbWJlZCUzRnBiJTNEJTIxMW0xNCUyMTFtOCUyMTFtMyUyMTFkMTE5MDkuOTc3NTY1NDM5NDgzJTIxMmQxLjgyMjcwMjUlMjEzZDQxLjczMTQyOCUyMTNtMiUyMTFpMTAyNCUyMTJpNzY4JTIxNGYxMy4xJTIxM20zJTIxMW0yJTIxMXMweDAlMjUzQTB4YjU5ZWZiOTU3NDExZTA1ZCUyMTJzRGlldCUyNUMzJTI1QTh0aWNhJTI1MjBHaXJhc29sJTIxNWUwJTIxM20yJTIxMXNjYSUyMTJzZXMlMjE0djE2MDk2MDcyODYzOTklMjE1bTIlMjExc2NhJTIxMnNlcyUyMiUyMHdpZHRoJTNEJTIyNjAwJTIyJTIwaGVpZ2h0JTNEJTIyNDUwJTIyJTIwZnJhbWVib3JkZXIlM0QlMjIwJTIyJTIwc3R5bGUlM0QlMjJib3JkZXIlM0EwJTIyJTIwYWxsb3dmdWxsc2NyZWVuJTNFJTNDJTJGaWZyYW1lJTNF&#8221;][qode_elements_holder number_of_columns=&#8221;one_column&#8221;][qode_elements_holder_item horizontal_alignment=&#8221;left&#8221; advanced_animations=&#8221;no&#8221; item_padding=&#8221;40px 0px 0px 12%&#8221; item_padding_600_768=&#8221;80px 0px 0px&#8221; item_padding_480_600=&#8221;80px 0px 0px&#8221; item_padding_480=&#8221;80px 0px 0px&#8221;]<div class='q_icon_with_title tiny normal_icon '><div class=\"icon_holder \" style=\" \"><span data-icon-type=\"normal\"   style=\"font-size: 40px;\" class=\"qode_iwt_icon_holder q_font_awsome_icon fa-lg  \"><i class=\"qode_icon_font_awesome fa fa-phone qode_iwt_icon_element\" style=\"color: #35468b;\" ><\/i><\/span><\/div><div class=\"icon_text_holder\" style=\"padding-left:50px;\"><div class=\"icon_text_inner\" style=\"\"><h6 class=\"icon_title\" style=\"\">TEL\u00c8FON<\/h6><p style=''><\/p><a itemprop='url' class='icon_with_title_link' href='tel:938732840' target='_self' style='color: #7a7a7a;'>93 873 28 40<\/a><\/div><\/div><\/div>[vc_empty_space height=&#8221;10px&#8221;]<div class='q_icon_with_title tiny normal_icon '><div class=\"icon_holder \" style=\" \"><span data-icon-type=\"normal\"   style=\"font-size: 40px;\" class=\"qode_iwt_icon_holder q_font_awsome_icon fa-lg  \"><i class=\"qode_icon_font_awesome fa fa-whatsapp qode_iwt_icon_element\" style=\"color: #35468b;\" ><\/i><\/span><\/div><div class=\"icon_text_holder\" style=\"padding-left:50px;\"><div class=\"icon_text_inner\" style=\"\"><h6 class=\"icon_title\" style=\"\">WHATSAPP<\/h6><p style=''><\/p><a itemprop='url' class='icon_with_title_link' href='https:\/\/wa.me\/+34659089691' target='_self' style='color: #7a7a7a;'>659 089 691<\/a><\/div><\/div><\/div>[vc_empty_space height=&#8221;10px&#8221;]<div class='q_icon_with_title tiny normal_icon '><div class=\"icon_holder \" style=\" \"><span data-icon-type=\"normal\"   style=\"font-size: 40px;\" class=\"qode_iwt_icon_holder q_font_awsome_icon fa-lg  \"><i class=\"qode_icon_font_awesome fa fa-envelope-o qode_iwt_icon_element\" style=\"color: #35468b;\" ><\/i><\/span><\/div><div class=\"icon_text_holder\" style=\"padding-left:50px;\"><div class=\"icon_text_inner\" style=\"\"><h6 class=\"icon_title\" style=\"\">ADRE\u00c7A ELECTR\u00d2NICA<\/h6><p style=''><\/p><a itemprop='url' class='icon_with_title_link' href='mailto:hola@dieteticagirasol.es' target='_self' style='color: #35468b;'>hola@dieteticagirasol.es<\/a><\/div><\/div><\/div>[vc_empty_space height=&#8221;10px&#8221;][\/qode_elements_holder_item][\/qode_elements_holder][\/vc_column_inner][\/vc_row_inner][\/vc_column][\/vc_row]<\/p>\n","protected":false},"excerpt":{"rendered":"<p>[vc_row css_animation=&#8221;&#8221; row_type=&#8221;row&#8221; use_row_as_full_screen_section=&#8221;no&#8221; type=&#8221;grid&#8221; angled_section=&#8221;no&#8221; text_align=&#8221;center&#8221; background_image_as_pattern=&#8221;without_pattern&#8221; z_index=&#8221;&#8221; css=&#8221;.vc_custom_1612517192060{padding-top: 40px !important;padding-bottom: 40px !important;background-position: center !important;background-repeat: no-repeat !important;background-size: cover !important;}&#8221;][vc_column][vc_row_inner row_type=&#8221;row&#8221; type=&#8221;full_width&#8221; text_align=&#8221;center&#8221; css_animation=&#8221;&#8221;][vc_column_inner css=&#8221;.vc_custom_1525441454292{border-top-width: 4px !important;border-right-width: 4px !important;border-bottom-width: 44px !important;border-left-width: 4px !important;padding-top: 60px !important;background-color: #fbf4f7 !important;border-left-color: #fbf4f7 !important;border-left-style: solid !important;border-right-color: #fbf4f7 !important;border-right-style: solid !important;border-top-color:&#8230;<\/p>\n","protected":false},"author":1,"featured_media":0,"parent":0,"menu_order":0,"comment_status":"closed","ping_status":"closed","template":"full_width.php","meta":{"footnotes":""},"class_list":["post-1192","page","type-page","status-publish","hentry"],"yoast_head":"<!-- This site is optimized with the Yoast SEO plugin v26.9 - https:\/\/yoast.com\/product\/yoast-seo-wordpress\/ -->\n<title>Contacte - Diet\u00e9tica Girasol<\/title>\n<meta name=\"description\" content=\"T&#039;assessorem de forma personalitzada, sense comprom\u00eds. Contacta ara amb nosaltres i passa&#039;t a una vida m\u00e9s saludable.\" \/>\n<meta name=\"robots\" content=\"index, follow, max-snippet:-1, max-image-preview:large, max-video-preview:-1\" \/>\n<link rel=\"canonical\" href=\"https:\/\/www.dieteticagirasol.es\/ca\/contacte\/\" \/>\n<meta property=\"og:locale\" content=\"ca_ES\" \/>\n<meta property=\"og:type\" content=\"article\" \/>\n<meta property=\"og:title\" content=\"Contacte - Diet\u00e9tica Girasol\" \/>\n<meta property=\"og:description\" content=\"T&#039;assessorem de forma personalitzada, sense comprom\u00eds. Contacta ara amb nosaltres i passa&#039;t a una vida m\u00e9s saludable.\" \/>\n<meta property=\"og:url\" content=\"https:\/\/www.dieteticagirasol.es\/ca\/contacte\/\" \/>\n<meta property=\"og:site_name\" content=\"Diet\u00e9tica Girasol\" \/>\n<meta property=\"article:modified_time\" content=\"2021-03-23T14:47:31+00:00\" \/>\n<meta property=\"og:image\" content=\"https:\/\/www.dieteticagirasol.es\/wp-content\/uploads\/2021\/02\/cereales.jpg\" \/>\n\t<meta property=\"og:image:width\" content=\"1000\" \/>\n\t<meta property=\"og:image:height\" content=\"667\" \/>\n\t<meta property=\"og:image:type\" content=\"image\/jpeg\" \/>\n<meta name=\"twitter:card\" content=\"summary_large_image\" \/>\n<script type=\"application\/ld+json\" class=\"yoast-schema-graph\">{\"@context\":\"https:\/\/schema.org\",\"@graph\":[{\"@type\":\"WebPage\",\"@id\":\"https:\/\/www.dieteticagirasol.es\/ca\/contacte\/\",\"url\":\"https:\/\/www.dieteticagirasol.es\/ca\/contacte\/\",\"name\":\"Contacte - Diet\u00e9tica Girasol\",\"isPartOf\":{\"@id\":\"https:\/\/www.dieteticagirasol.es\/ca\/#website\"},\"datePublished\":\"2018-05-04T10:17:25+00:00\",\"dateModified\":\"2021-03-23T14:47:31+00:00\",\"description\":\"T'assessorem de forma personalitzada, sense comprom\u00eds. Contacta ara amb nosaltres i passa't a una vida m\u00e9s saludable.\",\"breadcrumb\":{\"@id\":\"https:\/\/www.dieteticagirasol.es\/ca\/contacte\/#breadcrumb\"},\"inLanguage\":\"ca\",\"potentialAction\":[{\"@type\":\"ReadAction\",\"target\":[\"https:\/\/www.dieteticagirasol.es\/ca\/contacte\/\"]}]},{\"@type\":\"BreadcrumbList\",\"@id\":\"https:\/\/www.dieteticagirasol.es\/ca\/contacte\/#breadcrumb\",\"itemListElement\":[{\"@type\":\"ListItem\",\"position\":1,\"name\":\"Inici\",\"item\":\"https:\/\/www.dieteticagirasol.es\/ca\/\"},{\"@type\":\"ListItem\",\"position\":2,\"name\":\"Contacte\"}]},{\"@type\":\"WebSite\",\"@id\":\"https:\/\/www.dieteticagirasol.es\/ca\/#website\",\"url\":\"https:\/\/www.dieteticagirasol.es\/ca\/\",\"name\":\"Herborister\u00eda y Diet\u00e9tica Girasol\",\"description\":\"\",\"publisher\":{\"@id\":\"https:\/\/www.dieteticagirasol.es\/ca\/#organization\"},\"alternateName\":\"Herborister\u00eda y Diet\u00e9tica Girasol\",\"potentialAction\":[{\"@type\":\"SearchAction\",\"target\":{\"@type\":\"EntryPoint\",\"urlTemplate\":\"https:\/\/www.dieteticagirasol.es\/ca\/?s={search_term_string}\"},\"query-input\":{\"@type\":\"PropertyValueSpecification\",\"valueRequired\":true,\"valueName\":\"search_term_string\"}}],\"inLanguage\":\"ca\"},{\"@type\":\"Organization\",\"@id\":\"https:\/\/www.dieteticagirasol.es\/ca\/#organization\",\"name\":\"Diet\u00e8tica Girasol\",\"url\":\"https:\/\/www.dieteticagirasol.es\/ca\/\",\"logo\":{\"@type\":\"ImageObject\",\"inLanguage\":\"ca\",\"@id\":\"https:\/\/www.dieteticagirasol.es\/ca\/#\/schema\/logo\/image\/\",\"url\":\"https:\/\/www.dieteticagirasol.es\/wp-content\/uploads\/2021\/02\/girasol-logo.png\",\"contentUrl\":\"https:\/\/www.dieteticagirasol.es\/wp-content\/uploads\/2021\/02\/girasol-logo.png\",\"width\":256,\"height\":100,\"caption\":\"Diet\u00e8tica Girasol\"},\"image\":{\"@id\":\"https:\/\/www.dieteticagirasol.es\/ca\/#\/schema\/logo\/image\/\"},\"sameAs\":[\"https:\/\/www.instagram.com\/dietetica_girasol\/\"]}]}<\/script>\n<!-- \/ Yoast SEO plugin. -->","yoast_head_json":{"title":"Contacte - Diet\u00e9tica Girasol","description":"T'assessorem de forma personalitzada, sense comprom\u00eds. Contacta ara amb nosaltres i passa't a una vida m\u00e9s saludable.","robots":{"index":"index","follow":"follow","max-snippet":"max-snippet:-1","max-image-preview":"max-image-preview:large","max-video-preview":"max-video-preview:-1"},"canonical":"https:\/\/www.dieteticagirasol.es\/ca\/contacte\/","og_locale":"ca_ES","og_type":"article","og_title":"Contacte - Diet\u00e9tica Girasol","og_description":"T'assessorem de forma personalitzada, sense comprom\u00eds. Contacta ara amb nosaltres i passa't a una vida m\u00e9s saludable.","og_url":"https:\/\/www.dieteticagirasol.es\/ca\/contacte\/","og_site_name":"Diet\u00e9tica Girasol","article_modified_time":"2021-03-23T14:47:31+00:00","og_image":[{"width":1000,"height":667,"url":"https:\/\/www.dieteticagirasol.es\/wp-content\/uploads\/2021\/02\/cereales.jpg","type":"image\/jpeg"}],"twitter_card":"summary_large_image","schema":{"@context":"https:\/\/schema.org","@graph":[{"@type":"WebPage","@id":"https:\/\/www.dieteticagirasol.es\/ca\/contacte\/","url":"https:\/\/www.dieteticagirasol.es\/ca\/contacte\/","name":"Contacte - Diet\u00e9tica Girasol","isPartOf":{"@id":"https:\/\/www.dieteticagirasol.es\/ca\/#website"},"datePublished":"2018-05-04T10:17:25+00:00","dateModified":"2021-03-23T14:47:31+00:00","description":"T'assessorem de forma personalitzada, sense comprom\u00eds. Contacta ara amb nosaltres i passa't a una vida m\u00e9s saludable.","breadcrumb":{"@id":"https:\/\/www.dieteticagirasol.es\/ca\/contacte\/#breadcrumb"},"inLanguage":"ca","potentialAction":[{"@type":"ReadAction","target":["https:\/\/www.dieteticagirasol.es\/ca\/contacte\/"]}]},{"@type":"BreadcrumbList","@id":"https:\/\/www.dieteticagirasol.es\/ca\/contacte\/#breadcrumb","itemListElement":[{"@type":"ListItem","position":1,"name":"Inici","item":"https:\/\/www.dieteticagirasol.es\/ca\/"},{"@type":"ListItem","position":2,"name":"Contacte"}]},{"@type":"WebSite","@id":"https:\/\/www.dieteticagirasol.es\/ca\/#website","url":"https:\/\/www.dieteticagirasol.es\/ca\/","name":"Herborister\u00eda y Diet\u00e9tica Girasol","description":"","publisher":{"@id":"https:\/\/www.dieteticagirasol.es\/ca\/#organization"},"alternateName":"Herborister\u00eda y Diet\u00e9tica Girasol","potentialAction":[{"@type":"SearchAction","target":{"@type":"EntryPoint","urlTemplate":"https:\/\/www.dieteticagirasol.es\/ca\/?s={search_term_string}"},"query-input":{"@type":"PropertyValueSpecification","valueRequired":true,"valueName":"search_term_string"}}],"inLanguage":"ca"},{"@type":"Organization","@id":"https:\/\/www.dieteticagirasol.es\/ca\/#organization","name":"Diet\u00e8tica Girasol","url":"https:\/\/www.dieteticagirasol.es\/ca\/","logo":{"@type":"ImageObject","inLanguage":"ca","@id":"https:\/\/www.dieteticagirasol.es\/ca\/#\/schema\/logo\/image\/","url":"https:\/\/www.dieteticagirasol.es\/wp-content\/uploads\/2021\/02\/girasol-logo.png","contentUrl":"https:\/\/www.dieteticagirasol.es\/wp-content\/uploads\/2021\/02\/girasol-logo.png","width":256,"height":100,"caption":"Diet\u00e8tica Girasol"},"image":{"@id":"https:\/\/www.dieteticagirasol.es\/ca\/#\/schema\/logo\/image\/"},"sameAs":["https:\/\/www.instagram.com\/dietetica_girasol\/"]}]}},"_links":{"self":[{"href":"https:\/\/www.dieteticagirasol.es\/ca\/wp-json\/wp\/v2\/pages\/1192","targetHints":{"allow":["GET"]}}],"collection":[{"href":"https:\/\/www.dieteticagirasol.es\/ca\/wp-json\/wp\/v2\/pages"}],"about":[{"href":"https:\/\/www.dieteticagirasol.es\/ca\/wp-json\/wp\/v2\/types\/page"}],"author":[{"embeddable":true,"href":"https:\/\/www.dieteticagirasol.es\/ca\/wp-json\/wp\/v2\/users\/1"}],"replies":[{"embeddable":true,"href":"https:\/\/www.dieteticagirasol.es\/ca\/wp-json\/wp\/v2\/comments?post=1192"}],"version-history":[{"count":0,"href":"https:\/\/www.dieteticagirasol.es\/ca\/wp-json\/wp\/v2\/pages\/1192\/revisions"}],"wp:attachment":[{"href":"https:\/\/www.dieteticagirasol.es\/ca\/wp-json\/wp\/v2\/media?parent=1192"}],"curies":[{"name":"wp","href":"https:\/\/api.w.org\/{rel}","templated":true}]}}