{"id":1216,"date":"2020-12-18T10:55:50","date_gmt":"2020-12-18T09:55:50","guid":{"rendered":"https:\/\/www.dieteticagirasol.es\/blog\/"},"modified":"2021-03-22T17:44:51","modified_gmt":"2021-03-22T16:44:51","slug":"blog","status":"publish","type":"page","link":"https:\/\/www.dieteticagirasol.es\/ca\/blog\/","title":{"rendered":"Blog"},"content":{"rendered":"<p>[vc_row css_animation=&#8221;&#8221; row_type=&#8221;row&#8221; use_row_as_full_screen_section=&#8221;no&#8221; type=&#8221;full_width&#8221; angled_section=&#8221;no&#8221; text_align=&#8221;left&#8221; background_image_as_pattern=&#8221;without_pattern&#8221;][vc_column][vc_empty_space height=&#8221;92px&#8221;][\/vc_column][\/vc_row][vc_row css_animation=&#8221;&#8221; row_type=&#8221;row&#8221; use_row_as_full_screen_section=&#8221;no&#8221; type=&#8221;grid&#8221; angled_section=&#8221;no&#8221; text_align=&#8221;left&#8221; background_image_as_pattern=&#8221;without_pattern&#8221; z_index=&#8221;&#8221;][vc_column]\n<div class='latest_post_holder boxes two_columns five_rows' >\n    <ul>\n    \n        <li class=\"clearfix\">\n            <div class=\"boxes_image\">\n                                <a itemprop=\"url\" href=\"https:\/\/www.dieteticagirasol.es\/ca\/cereales\/\"><img loading=\"lazy\" decoding=\"async\" width=\"539\" height=\"303\" src=\"https:\/\/www.dieteticagirasol.es\/wp-content\/uploads\/2021\/02\/cereales-539x303.jpg\" class=\"attachment-latest_post_boxes size-latest_post_boxes wp-post-image\" alt=\"\" \/><\/a>\n            <\/div>\n            <div class=\"latest_post\"  >\n                <div class=\"latest_post_text\">\n                    <div class=\"latest_post_inner\">\n                        <div class=\"latest_post_text_inner\">\n                            <h5 itemprop=\"name\" class=\"latest_post_title entry_title\"><a itemprop=\"url\" href=\"https:\/\/www.dieteticagirasol.es\/ca\/cereales\/\">Cereals<\/a><\/h5>\n                            <p class=\"excerpt\">Els cereals s\u00f3n l'aliment de continuaci\u00f3 per als nadons despr\u00e9s de la llet materna, aix\u00f2 fa que siguin imprescindibles durant el seu creixement. ...<\/p>\n                            <span class=\"post_infos\">\n                                                                                                                                                                            <span class=\"dots\"><i class=\"fa fa-square\"><\/i><\/span>\n                                                                        <a itemprop=\"url\" class=\"post_comments\" href=\"https:\/\/www.dieteticagirasol.es\/ca\/cereales\/#comments\">67 Comments<\/a>\n                                \n                                \n                                                            <\/span>\n                        <\/div>\n                    <\/div>\n                <\/div>\n            <\/div>\n        <\/li>\n    \n        <li class=\"clearfix\">\n            <div class=\"boxes_image\">\n                                <a itemprop=\"url\" href=\"https:\/\/www.dieteticagirasol.es\/ca\/dieta-mediterranea\/\"><img loading=\"lazy\" decoding=\"async\" width=\"539\" height=\"303\" src=\"https:\/\/www.dieteticagirasol.es\/wp-content\/uploads\/2021\/02\/dieta-mediterranea-539x303.jpg\" class=\"attachment-latest_post_boxes size-latest_post_boxes wp-post-image\" alt=\"\" \/><\/a>\n            <\/div>\n            <div class=\"latest_post\"  >\n                <div class=\"latest_post_text\">\n                    <div class=\"latest_post_inner\">\n                        <div class=\"latest_post_text_inner\">\n                            <h5 itemprop=\"name\" class=\"latest_post_title entry_title\"><a itemprop=\"url\" href=\"https:\/\/www.dieteticagirasol.es\/ca\/dieta-mediterranea\/\">Dieta mediterr\u00e0nia<\/a><\/h5>\n                            <p class=\"excerpt\">Els que som afortunats de viure en la zona del mediterrani, a vegades ens oblidem del tresor saludable de la nostra dieta....<\/p>\n                            <span class=\"post_infos\">\n                                                                                                                                                                            <span class=\"dots\"><i class=\"fa fa-square\"><\/i><\/span>\n                                                                        <a itemprop=\"url\" class=\"post_comments\" href=\"https:\/\/www.dieteticagirasol.es\/ca\/dieta-mediterranea\/#respond\">No comment<\/a>\n                                \n                                \n                                                            <\/span>\n                        <\/div>\n                    <\/div>\n                <\/div>\n            <\/div>\n        <\/li>\n    \n        <li class=\"clearfix\">\n            <div class=\"boxes_image\">\n                                <a itemprop=\"url\" href=\"https:\/\/www.dieteticagirasol.es\/ca\/pieles-sensibles-atopicas-y-reactivas\/\"><img loading=\"lazy\" decoding=\"async\" width=\"539\" height=\"303\" src=\"https:\/\/www.dieteticagirasol.es\/wp-content\/uploads\/2021\/02\/piel-sensible-539x303.jpg\" class=\"attachment-latest_post_boxes size-latest_post_boxes wp-post-image\" alt=\"\" \/><\/a>\n            <\/div>\n            <div class=\"latest_post\"  >\n                <div class=\"latest_post_text\">\n                    <div class=\"latest_post_inner\">\n                        <div class=\"latest_post_text_inner\">\n                            <h5 itemprop=\"name\" class=\"latest_post_title entry_title\"><a itemprop=\"url\" href=\"https:\/\/www.dieteticagirasol.es\/ca\/pieles-sensibles-atopicas-y-reactivas\/\">Pells sensibles at\u00f2piques i reactives<\/a><\/h5>\n                            <p class=\"excerpt\">Durant aquests dies amb el canvi d'estaci\u00f3 s'accentuen els problemes en aquest tipus de pells, ja que s\u00f3n m\u00e9s sensibles als canvis mediambientals....<\/p>\n                            <span class=\"post_infos\">\n                                                                                                                                                                            <span class=\"dots\"><i class=\"fa fa-square\"><\/i><\/span>\n                                                                        <a itemprop=\"url\" class=\"post_comments\" href=\"https:\/\/www.dieteticagirasol.es\/ca\/pieles-sensibles-atopicas-y-reactivas\/#respond\">No comment<\/a>\n                                \n                                \n                                                            <\/span>\n                        <\/div>\n                    <\/div>\n                <\/div>\n            <\/div>\n        <\/li>\n        <\/ul>\n<\/div>[\/vc_column][\/vc_row]<\/p>\n","protected":false},"excerpt":{"rendered":"<p>[vc_row css_animation=&#8221;&#8221; row_type=&#8221;row&#8221; use_row_as_full_screen_section=&#8221;no&#8221; type=&#8221;full_width&#8221; angled_section=&#8221;no&#8221; text_align=&#8221;left&#8221; background_image_as_pattern=&#8221;without_pattern&#8221;][vc_column][vc_empty_space height=&#8221;92px&#8221;][\/vc_column][\/vc_row][vc_row css_animation=&#8221;&#8221; row_type=&#8221;row&#8221; use_row_as_full_screen_section=&#8221;no&#8221; type=&#8221;grid&#8221; angled_section=&#8221;no&#8221; text_align=&#8221;left&#8221; background_image_as_pattern=&#8221;without_pattern&#8221; z_index=&#8221;&#8221;][vc_column][\/vc_column][\/vc_row]<\/p>\n","protected":false},"author":1,"featured_media":0,"parent":0,"menu_order":0,"comment_status":"closed","ping_status":"closed","template":"full_width.php","meta":{"footnotes":""},"class_list":["post-1216","page","type-page","status-publish","hentry"],"yoast_head":"<!-- This site is optimized with the Yoast SEO plugin v26.9 - https:\/\/yoast.com\/product\/yoast-seo-wordpress\/ -->\n<title>Blog - Diet\u00e9tica Girasol<\/title>\n<meta name=\"description\" content=\"Hablamos de productos naturales, zero waste, alimentaci\u00f3n bio y mucho m\u00e1s. P\u00e1sate a una vida m\u00e1s saludable con nuestros consejos.\" \/>\n<meta name=\"robots\" content=\"index, follow, max-snippet:-1, max-image-preview:large, max-video-preview:-1\" \/>\n<link rel=\"canonical\" href=\"https:\/\/www.dieteticagirasol.es\/ca\/blog\/\" \/>\n<meta property=\"og:locale\" content=\"ca_ES\" \/>\n<meta property=\"og:type\" content=\"article\" \/>\n<meta property=\"og:title\" content=\"Blog - Diet\u00e9tica Girasol\" \/>\n<meta property=\"og:description\" content=\"Hablamos de productos naturales, zero waste, alimentaci\u00f3n bio y mucho m\u00e1s. P\u00e1sate a una vida m\u00e1s saludable con nuestros consejos.\" \/>\n<meta property=\"og:url\" content=\"https:\/\/www.dieteticagirasol.es\/ca\/blog\/\" \/>\n<meta property=\"og:site_name\" content=\"Diet\u00e9tica Girasol\" \/>\n<meta property=\"article:modified_time\" content=\"2021-03-22T16:44:51+00:00\" \/>\n<meta property=\"og:image\" content=\"https:\/\/www.dieteticagirasol.es\/wp-content\/uploads\/2021\/02\/cereales.jpg\" \/>\n\t<meta property=\"og:image:width\" content=\"1000\" \/>\n\t<meta property=\"og:image:height\" content=\"667\" \/>\n\t<meta property=\"og:image:type\" content=\"image\/jpeg\" \/>\n<meta name=\"twitter:card\" content=\"summary_large_image\" \/>\n<script type=\"application\/ld+json\" class=\"yoast-schema-graph\">{\"@context\":\"https:\/\/schema.org\",\"@graph\":[{\"@type\":\"WebPage\",\"@id\":\"https:\/\/www.dieteticagirasol.es\/ca\/blog\/\",\"url\":\"https:\/\/www.dieteticagirasol.es\/ca\/blog\/\",\"name\":\"Blog - Diet\u00e9tica Girasol\",\"isPartOf\":{\"@id\":\"https:\/\/www.dieteticagirasol.es\/ca\/#website\"},\"datePublished\":\"2020-12-18T09:55:50+00:00\",\"dateModified\":\"2021-03-22T16:44:51+00:00\",\"description\":\"Hablamos de productos naturales, zero waste, alimentaci\u00f3n bio y mucho m\u00e1s. P\u00e1sate a una vida m\u00e1s saludable con nuestros consejos.\",\"breadcrumb\":{\"@id\":\"https:\/\/www.dieteticagirasol.es\/ca\/blog\/#breadcrumb\"},\"inLanguage\":\"ca\",\"potentialAction\":[{\"@type\":\"ReadAction\",\"target\":[\"https:\/\/www.dieteticagirasol.es\/ca\/blog\/\"]}]},{\"@type\":\"BreadcrumbList\",\"@id\":\"https:\/\/www.dieteticagirasol.es\/ca\/blog\/#breadcrumb\",\"itemListElement\":[{\"@type\":\"ListItem\",\"position\":1,\"name\":\"Inici\",\"item\":\"https:\/\/www.dieteticagirasol.es\/ca\/\"},{\"@type\":\"ListItem\",\"position\":2,\"name\":\"Blog\"}]},{\"@type\":\"WebSite\",\"@id\":\"https:\/\/www.dieteticagirasol.es\/ca\/#website\",\"url\":\"https:\/\/www.dieteticagirasol.es\/ca\/\",\"name\":\"Herborister\u00eda y Diet\u00e9tica Girasol\",\"description\":\"\",\"publisher\":{\"@id\":\"https:\/\/www.dieteticagirasol.es\/ca\/#organization\"},\"alternateName\":\"Herborister\u00eda y Diet\u00e9tica Girasol\",\"potentialAction\":[{\"@type\":\"SearchAction\",\"target\":{\"@type\":\"EntryPoint\",\"urlTemplate\":\"https:\/\/www.dieteticagirasol.es\/ca\/?s={search_term_string}\"},\"query-input\":{\"@type\":\"PropertyValueSpecification\",\"valueRequired\":true,\"valueName\":\"search_term_string\"}}],\"inLanguage\":\"ca\"},{\"@type\":\"Organization\",\"@id\":\"https:\/\/www.dieteticagirasol.es\/ca\/#organization\",\"name\":\"Diet\u00e8tica Girasol\",\"url\":\"https:\/\/www.dieteticagirasol.es\/ca\/\",\"logo\":{\"@type\":\"ImageObject\",\"inLanguage\":\"ca\",\"@id\":\"https:\/\/www.dieteticagirasol.es\/ca\/#\/schema\/logo\/image\/\",\"url\":\"https:\/\/www.dieteticagirasol.es\/wp-content\/uploads\/2021\/02\/girasol-logo.png\",\"contentUrl\":\"https:\/\/www.dieteticagirasol.es\/wp-content\/uploads\/2021\/02\/girasol-logo.png\",\"width\":256,\"height\":100,\"caption\":\"Diet\u00e8tica Girasol\"},\"image\":{\"@id\":\"https:\/\/www.dieteticagirasol.es\/ca\/#\/schema\/logo\/image\/\"},\"sameAs\":[\"https:\/\/www.instagram.com\/dietetica_girasol\/\"]}]}<\/script>\n<!-- \/ Yoast SEO plugin. -->","yoast_head_json":{"title":"Blog - Diet\u00e9tica Girasol","description":"Hablamos de productos naturales, zero waste, alimentaci\u00f3n bio y mucho m\u00e1s. P\u00e1sate a una vida m\u00e1s saludable con nuestros consejos.","robots":{"index":"index","follow":"follow","max-snippet":"max-snippet:-1","max-image-preview":"max-image-preview:large","max-video-preview":"max-video-preview:-1"},"canonical":"https:\/\/www.dieteticagirasol.es\/ca\/blog\/","og_locale":"ca_ES","og_type":"article","og_title":"Blog - Diet\u00e9tica Girasol","og_description":"Hablamos de productos naturales, zero waste, alimentaci\u00f3n bio y mucho m\u00e1s. P\u00e1sate a una vida m\u00e1s saludable con nuestros consejos.","og_url":"https:\/\/www.dieteticagirasol.es\/ca\/blog\/","og_site_name":"Diet\u00e9tica Girasol","article_modified_time":"2021-03-22T16:44:51+00:00","og_image":[{"width":1000,"height":667,"url":"https:\/\/www.dieteticagirasol.es\/wp-content\/uploads\/2021\/02\/cereales.jpg","type":"image\/jpeg"}],"twitter_card":"summary_large_image","schema":{"@context":"https:\/\/schema.org","@graph":[{"@type":"WebPage","@id":"https:\/\/www.dieteticagirasol.es\/ca\/blog\/","url":"https:\/\/www.dieteticagirasol.es\/ca\/blog\/","name":"Blog - Diet\u00e9tica Girasol","isPartOf":{"@id":"https:\/\/www.dieteticagirasol.es\/ca\/#website"},"datePublished":"2020-12-18T09:55:50+00:00","dateModified":"2021-03-22T16:44:51+00:00","description":"Hablamos de productos naturales, zero waste, alimentaci\u00f3n bio y mucho m\u00e1s. P\u00e1sate a una vida m\u00e1s saludable con nuestros consejos.","breadcrumb":{"@id":"https:\/\/www.dieteticagirasol.es\/ca\/blog\/#breadcrumb"},"inLanguage":"ca","potentialAction":[{"@type":"ReadAction","target":["https:\/\/www.dieteticagirasol.es\/ca\/blog\/"]}]},{"@type":"BreadcrumbList","@id":"https:\/\/www.dieteticagirasol.es\/ca\/blog\/#breadcrumb","itemListElement":[{"@type":"ListItem","position":1,"name":"Inici","item":"https:\/\/www.dieteticagirasol.es\/ca\/"},{"@type":"ListItem","position":2,"name":"Blog"}]},{"@type":"WebSite","@id":"https:\/\/www.dieteticagirasol.es\/ca\/#website","url":"https:\/\/www.dieteticagirasol.es\/ca\/","name":"Herborister\u00eda y Diet\u00e9tica Girasol","description":"","publisher":{"@id":"https:\/\/www.dieteticagirasol.es\/ca\/#organization"},"alternateName":"Herborister\u00eda y Diet\u00e9tica Girasol","potentialAction":[{"@type":"SearchAction","target":{"@type":"EntryPoint","urlTemplate":"https:\/\/www.dieteticagirasol.es\/ca\/?s={search_term_string}"},"query-input":{"@type":"PropertyValueSpecification","valueRequired":true,"valueName":"search_term_string"}}],"inLanguage":"ca"},{"@type":"Organization","@id":"https:\/\/www.dieteticagirasol.es\/ca\/#organization","name":"Diet\u00e8tica Girasol","url":"https:\/\/www.dieteticagirasol.es\/ca\/","logo":{"@type":"ImageObject","inLanguage":"ca","@id":"https:\/\/www.dieteticagirasol.es\/ca\/#\/schema\/logo\/image\/","url":"https:\/\/www.dieteticagirasol.es\/wp-content\/uploads\/2021\/02\/girasol-logo.png","contentUrl":"https:\/\/www.dieteticagirasol.es\/wp-content\/uploads\/2021\/02\/girasol-logo.png","width":256,"height":100,"caption":"Diet\u00e8tica Girasol"},"image":{"@id":"https:\/\/www.dieteticagirasol.es\/ca\/#\/schema\/logo\/image\/"},"sameAs":["https:\/\/www.instagram.com\/dietetica_girasol\/"]}]}},"_links":{"self":[{"href":"https:\/\/www.dieteticagirasol.es\/ca\/wp-json\/wp\/v2\/pages\/1216","targetHints":{"allow":["GET"]}}],"collection":[{"href":"https:\/\/www.dieteticagirasol.es\/ca\/wp-json\/wp\/v2\/pages"}],"about":[{"href":"https:\/\/www.dieteticagirasol.es\/ca\/wp-json\/wp\/v2\/types\/page"}],"author":[{"embeddable":true,"href":"https:\/\/www.dieteticagirasol.es\/ca\/wp-json\/wp\/v2\/users\/1"}],"replies":[{"embeddable":true,"href":"https:\/\/www.dieteticagirasol.es\/ca\/wp-json\/wp\/v2\/comments?post=1216"}],"version-history":[{"count":0,"href":"https:\/\/www.dieteticagirasol.es\/ca\/wp-json\/wp\/v2\/pages\/1216\/revisions"}],"wp:attachment":[{"href":"https:\/\/www.dieteticagirasol.es\/ca\/wp-json\/wp\/v2\/media?parent=1216"}],"curies":[{"name":"wp","href":"https:\/\/api.w.org\/{rel}","templated":true}]}}