{"id":1231,"date":"2021-02-01T11:22:49","date_gmt":"2021-02-01T10:22:49","guid":{"rendered":"https:\/\/www.dieteticagirasol.es\/pagos-online\/"},"modified":"2021-03-23T15:48:04","modified_gmt":"2021-03-23T14:48:04","slug":"pagaments-online","status":"publish","type":"page","link":"https:\/\/www.dieteticagirasol.es\/ca\/pagaments-online\/","title":{"rendered":"Pagaments online"},"content":{"rendered":"<p>[vc_row css_animation=&#8221;&#8221; row_type=&#8221;row&#8221; use_row_as_full_screen_section=&#8221;no&#8221; type=&#8221;full_width&#8221; angled_section=&#8221;no&#8221; text_align=&#8221;left&#8221; background_image_as_pattern=&#8221;without_pattern&#8221;][vc_column][vc_empty_space height=&#8221;42px&#8221;][vc_column_text]<\/p>\n<div class=\"mygdonia1\"><\/div>\n<div class=\"mygdonia2\">La teva comanda la pots pagar de la seg\u00fcent forma:<\/div>\n<p>[\/vc_column_text][vc_empty_space height=&#8221;42px&#8221;][\/vc_column][\/vc_row][vc_row css_animation=&#8221;&#8221; row_type=&#8221;row&#8221; use_row_as_full_screen_section=&#8221;no&#8221; type=&#8221;grid&#8221; angled_section=&#8221;no&#8221; text_align=&#8221;left&#8221; background_image_as_pattern=&#8221;without_pattern&#8221; z_index=&#8221;&#8221;][vc_column el_class=&#8221;icones&#8221;][vc_empty_space height=&#8221;42px&#8221; el_class=&#8221;movil&#8221;][vc_row_inner row_type=&#8221;row&#8221; type=&#8221;full_width&#8221; text_align=&#8221;left&#8221; css_animation=&#8221;&#8221; css=&#8221;.vc_custom_1608224142954{margin-bottom: 30px !important;}&#8221; el_class=&#8221;centra&#8221;][vc_column_inner width=&#8221;1\/2&#8243;][vc_single_image image=&#8221;1234&#8243; img_size=&#8221;full&#8221; alignment=&#8221;center&#8221; qode_css_animation=&#8221;&#8221;][vc_empty_space height=&#8221;12px&#8221;][vc_column_text]<\/p>\n<h4 style=\"text-align: center;\">TRANSFER\u00c8NCIA BANC\u00c0RIA<\/h4>\n<p>[\/vc_column_text][vc_empty_space height=&#8221;12px&#8221;][vc_column_text]<\/p>\n<p style=\"text-align: center;\">Les transfer\u00e8ncies des d&#8217;entitats diferents poden trigar fins a dos dies h\u00e0bils (no compten caps de setmana ni festius) a arribar-nos, segons normativa banc\u00e0ria.<\/p>\n<p style=\"text-align: center;\">Banc Sabadell: ES65 0081 0049 5500 0168 3371<\/p>\n<p>[\/vc_column_text][\/vc_column_inner][vc_column_inner width=&#8221;1\/2&#8243;][vc_single_image image=&#8221;1232&#8243; img_size=&#8221;full&#8221; alignment=&#8221;center&#8221; qode_css_animation=&#8221;&#8221;][vc_empty_space height=&#8221;12px&#8221;][vc_column_text]<\/p>\n<h4 style=\"text-align: center;\">BIZUM<\/h4>\n<p>[\/vc_column_text][vc_empty_space height=&#8221;12px&#8221;][vc_column_text]<\/p>\n<p style=\"text-align: center;\">661 211 625<\/p>\n<p>[\/vc_column_text][\/vc_column_inner][\/vc_row_inner][\/vc_column][\/vc_row]<\/p>\n","protected":false},"excerpt":{"rendered":"<p>[vc_row css_animation=&#8221;&#8221; row_type=&#8221;row&#8221; use_row_as_full_screen_section=&#8221;no&#8221; type=&#8221;full_width&#8221; angled_section=&#8221;no&#8221; text_align=&#8221;left&#8221; background_image_as_pattern=&#8221;without_pattern&#8221;][vc_column][vc_empty_space height=&#8221;42px&#8221;][vc_column_text] La teva comanda la pots pagar de la seg\u00fcent forma: [\/vc_column_text][vc_empty_space height=&#8221;42px&#8221;][\/vc_column][\/vc_row][vc_row css_animation=&#8221;&#8221; row_type=&#8221;row&#8221; use_row_as_full_screen_section=&#8221;no&#8221; type=&#8221;grid&#8221; angled_section=&#8221;no&#8221; text_align=&#8221;left&#8221; background_image_as_pattern=&#8221;without_pattern&#8221; z_index=&#8221;&#8221;][vc_column el_class=&#8221;icones&#8221;][vc_empty_space height=&#8221;42px&#8221; el_class=&#8221;movil&#8221;][vc_row_inner row_type=&#8221;row&#8221; type=&#8221;full_width&#8221; text_align=&#8221;left&#8221; css_animation=&#8221;&#8221; css=&#8221;.vc_custom_1608224142954{margin-bottom: 30px !important;}&#8221; el_class=&#8221;centra&#8221;][vc_column_inner width=&#8221;1\/2&#8243;][vc_single_image image=&#8221;1234&#8243; img_size=&#8221;full&#8221; alignment=&#8221;center&#8221; qode_css_animation=&#8221;&#8221;][vc_empty_space&#8230;<\/p>\n","protected":false},"author":1,"featured_media":0,"parent":0,"menu_order":0,"comment_status":"closed","ping_status":"closed","template":"","meta":{"footnotes":""},"class_list":["post-1231","page","type-page","status-publish","hentry"],"yoast_head":"<!-- This site is optimized with the Yoast SEO plugin v26.9 - https:\/\/yoast.com\/product\/yoast-seo-wordpress\/ -->\n<title>Pagaments online - Diet\u00e9tica Girasol<\/title>\n<meta name=\"description\" content=\"Pots comprar per tel\u00e8fon, WhatsApp i correu electr\u00f2nic. Contacta i t&#039;assessorem en la teva compra i et facilitem el pagament.\" \/>\n<meta name=\"robots\" content=\"index, follow, max-snippet:-1, max-image-preview:large, max-video-preview:-1\" \/>\n<link rel=\"canonical\" href=\"https:\/\/www.dieteticagirasol.es\/ca\/pagaments-online\/\" \/>\n<meta property=\"og:locale\" content=\"ca_ES\" \/>\n<meta property=\"og:type\" content=\"article\" \/>\n<meta property=\"og:title\" content=\"Pagaments online - Diet\u00e9tica Girasol\" \/>\n<meta property=\"og:description\" content=\"Pots comprar per tel\u00e8fon, WhatsApp i correu electr\u00f2nic. Contacta i t&#039;assessorem en la teva compra i et facilitem el pagament.\" \/>\n<meta property=\"og:url\" content=\"https:\/\/www.dieteticagirasol.es\/ca\/pagaments-online\/\" \/>\n<meta property=\"og:site_name\" content=\"Diet\u00e9tica Girasol\" \/>\n<meta property=\"article:modified_time\" content=\"2021-03-23T14:48:04+00:00\" \/>\n<meta property=\"og:image\" content=\"https:\/\/www.dieteticagirasol.es\/wp-content\/uploads\/2021\/02\/cereales.jpg\" \/>\n\t<meta property=\"og:image:width\" content=\"1000\" \/>\n\t<meta property=\"og:image:height\" content=\"667\" \/>\n\t<meta property=\"og:image:type\" content=\"image\/jpeg\" \/>\n<meta name=\"twitter:card\" content=\"summary_large_image\" \/>\n<script type=\"application\/ld+json\" class=\"yoast-schema-graph\">{\"@context\":\"https:\/\/schema.org\",\"@graph\":[{\"@type\":\"WebPage\",\"@id\":\"https:\/\/www.dieteticagirasol.es\/ca\/pagaments-online\/\",\"url\":\"https:\/\/www.dieteticagirasol.es\/ca\/pagaments-online\/\",\"name\":\"Pagaments online - Diet\u00e9tica Girasol\",\"isPartOf\":{\"@id\":\"https:\/\/www.dieteticagirasol.es\/ca\/#website\"},\"datePublished\":\"2021-02-01T10:22:49+00:00\",\"dateModified\":\"2021-03-23T14:48:04+00:00\",\"description\":\"Pots comprar per tel\u00e8fon, WhatsApp i correu electr\u00f2nic. Contacta i t'assessorem en la teva compra i et facilitem el pagament.\",\"breadcrumb\":{\"@id\":\"https:\/\/www.dieteticagirasol.es\/ca\/pagaments-online\/#breadcrumb\"},\"inLanguage\":\"ca\",\"potentialAction\":[{\"@type\":\"ReadAction\",\"target\":[\"https:\/\/www.dieteticagirasol.es\/ca\/pagaments-online\/\"]}]},{\"@type\":\"BreadcrumbList\",\"@id\":\"https:\/\/www.dieteticagirasol.es\/ca\/pagaments-online\/#breadcrumb\",\"itemListElement\":[{\"@type\":\"ListItem\",\"position\":1,\"name\":\"Inici\",\"item\":\"https:\/\/www.dieteticagirasol.es\/ca\/\"},{\"@type\":\"ListItem\",\"position\":2,\"name\":\"Pagaments online\"}]},{\"@type\":\"WebSite\",\"@id\":\"https:\/\/www.dieteticagirasol.es\/ca\/#website\",\"url\":\"https:\/\/www.dieteticagirasol.es\/ca\/\",\"name\":\"Herborister\u00eda y Diet\u00e9tica Girasol\",\"description\":\"\",\"publisher\":{\"@id\":\"https:\/\/www.dieteticagirasol.es\/ca\/#organization\"},\"alternateName\":\"Herborister\u00eda y Diet\u00e9tica Girasol\",\"potentialAction\":[{\"@type\":\"SearchAction\",\"target\":{\"@type\":\"EntryPoint\",\"urlTemplate\":\"https:\/\/www.dieteticagirasol.es\/ca\/?s={search_term_string}\"},\"query-input\":{\"@type\":\"PropertyValueSpecification\",\"valueRequired\":true,\"valueName\":\"search_term_string\"}}],\"inLanguage\":\"ca\"},{\"@type\":\"Organization\",\"@id\":\"https:\/\/www.dieteticagirasol.es\/ca\/#organization\",\"name\":\"Diet\u00e8tica Girasol\",\"url\":\"https:\/\/www.dieteticagirasol.es\/ca\/\",\"logo\":{\"@type\":\"ImageObject\",\"inLanguage\":\"ca\",\"@id\":\"https:\/\/www.dieteticagirasol.es\/ca\/#\/schema\/logo\/image\/\",\"url\":\"https:\/\/www.dieteticagirasol.es\/wp-content\/uploads\/2021\/02\/girasol-logo.png\",\"contentUrl\":\"https:\/\/www.dieteticagirasol.es\/wp-content\/uploads\/2021\/02\/girasol-logo.png\",\"width\":256,\"height\":100,\"caption\":\"Diet\u00e8tica Girasol\"},\"image\":{\"@id\":\"https:\/\/www.dieteticagirasol.es\/ca\/#\/schema\/logo\/image\/\"},\"sameAs\":[\"https:\/\/www.instagram.com\/dietetica_girasol\/\"]}]}<\/script>\n<!-- \/ Yoast SEO plugin. -->","yoast_head_json":{"title":"Pagaments online - Diet\u00e9tica Girasol","description":"Pots comprar per tel\u00e8fon, WhatsApp i correu electr\u00f2nic. Contacta i t'assessorem en la teva compra i et facilitem el pagament.","robots":{"index":"index","follow":"follow","max-snippet":"max-snippet:-1","max-image-preview":"max-image-preview:large","max-video-preview":"max-video-preview:-1"},"canonical":"https:\/\/www.dieteticagirasol.es\/ca\/pagaments-online\/","og_locale":"ca_ES","og_type":"article","og_title":"Pagaments online - Diet\u00e9tica Girasol","og_description":"Pots comprar per tel\u00e8fon, WhatsApp i correu electr\u00f2nic. Contacta i t'assessorem en la teva compra i et facilitem el pagament.","og_url":"https:\/\/www.dieteticagirasol.es\/ca\/pagaments-online\/","og_site_name":"Diet\u00e9tica Girasol","article_modified_time":"2021-03-23T14:48:04+00:00","og_image":[{"width":1000,"height":667,"url":"https:\/\/www.dieteticagirasol.es\/wp-content\/uploads\/2021\/02\/cereales.jpg","type":"image\/jpeg"}],"twitter_card":"summary_large_image","schema":{"@context":"https:\/\/schema.org","@graph":[{"@type":"WebPage","@id":"https:\/\/www.dieteticagirasol.es\/ca\/pagaments-online\/","url":"https:\/\/www.dieteticagirasol.es\/ca\/pagaments-online\/","name":"Pagaments online - Diet\u00e9tica Girasol","isPartOf":{"@id":"https:\/\/www.dieteticagirasol.es\/ca\/#website"},"datePublished":"2021-02-01T10:22:49+00:00","dateModified":"2021-03-23T14:48:04+00:00","description":"Pots comprar per tel\u00e8fon, WhatsApp i correu electr\u00f2nic. Contacta i t'assessorem en la teva compra i et facilitem el pagament.","breadcrumb":{"@id":"https:\/\/www.dieteticagirasol.es\/ca\/pagaments-online\/#breadcrumb"},"inLanguage":"ca","potentialAction":[{"@type":"ReadAction","target":["https:\/\/www.dieteticagirasol.es\/ca\/pagaments-online\/"]}]},{"@type":"BreadcrumbList","@id":"https:\/\/www.dieteticagirasol.es\/ca\/pagaments-online\/#breadcrumb","itemListElement":[{"@type":"ListItem","position":1,"name":"Inici","item":"https:\/\/www.dieteticagirasol.es\/ca\/"},{"@type":"ListItem","position":2,"name":"Pagaments online"}]},{"@type":"WebSite","@id":"https:\/\/www.dieteticagirasol.es\/ca\/#website","url":"https:\/\/www.dieteticagirasol.es\/ca\/","name":"Herborister\u00eda y Diet\u00e9tica Girasol","description":"","publisher":{"@id":"https:\/\/www.dieteticagirasol.es\/ca\/#organization"},"alternateName":"Herborister\u00eda y Diet\u00e9tica Girasol","potentialAction":[{"@type":"SearchAction","target":{"@type":"EntryPoint","urlTemplate":"https:\/\/www.dieteticagirasol.es\/ca\/?s={search_term_string}"},"query-input":{"@type":"PropertyValueSpecification","valueRequired":true,"valueName":"search_term_string"}}],"inLanguage":"ca"},{"@type":"Organization","@id":"https:\/\/www.dieteticagirasol.es\/ca\/#organization","name":"Diet\u00e8tica Girasol","url":"https:\/\/www.dieteticagirasol.es\/ca\/","logo":{"@type":"ImageObject","inLanguage":"ca","@id":"https:\/\/www.dieteticagirasol.es\/ca\/#\/schema\/logo\/image\/","url":"https:\/\/www.dieteticagirasol.es\/wp-content\/uploads\/2021\/02\/girasol-logo.png","contentUrl":"https:\/\/www.dieteticagirasol.es\/wp-content\/uploads\/2021\/02\/girasol-logo.png","width":256,"height":100,"caption":"Diet\u00e8tica Girasol"},"image":{"@id":"https:\/\/www.dieteticagirasol.es\/ca\/#\/schema\/logo\/image\/"},"sameAs":["https:\/\/www.instagram.com\/dietetica_girasol\/"]}]}},"_links":{"self":[{"href":"https:\/\/www.dieteticagirasol.es\/ca\/wp-json\/wp\/v2\/pages\/1231","targetHints":{"allow":["GET"]}}],"collection":[{"href":"https:\/\/www.dieteticagirasol.es\/ca\/wp-json\/wp\/v2\/pages"}],"about":[{"href":"https:\/\/www.dieteticagirasol.es\/ca\/wp-json\/wp\/v2\/types\/page"}],"author":[{"embeddable":true,"href":"https:\/\/www.dieteticagirasol.es\/ca\/wp-json\/wp\/v2\/users\/1"}],"replies":[{"embeddable":true,"href":"https:\/\/www.dieteticagirasol.es\/ca\/wp-json\/wp\/v2\/comments?post=1231"}],"version-history":[{"count":0,"href":"https:\/\/www.dieteticagirasol.es\/ca\/wp-json\/wp\/v2\/pages\/1231\/revisions"}],"wp:attachment":[{"href":"https:\/\/www.dieteticagirasol.es\/ca\/wp-json\/wp\/v2\/media?parent=1231"}],"curies":[{"name":"wp","href":"https:\/\/api.w.org\/{rel}","templated":true}]}}