{"id":1235,"date":"2021-02-01T11:23:04","date_gmt":"2021-02-01T10:23:04","guid":{"rendered":"https:\/\/www.dieteticagirasol.es\/politica-de-cookies\/"},"modified":"2021-03-23T15:48:22","modified_gmt":"2021-03-23T14:48:22","slug":"politica-de-cookies","status":"publish","type":"page","link":"https:\/\/www.dieteticagirasol.es\/ca\/politica-de-cookies\/","title":{"rendered":"Pol\u00edtica de cookies"},"content":{"rendered":"<p>[vc_row css_animation=&#8221;&#8221; row_type=&#8221;row&#8221; use_row_as_full_screen_section=&#8221;no&#8221; type=&#8221;full_width&#8221; angled_section=&#8221;no&#8221; text_align=&#8221;left&#8221; background_image_as_pattern=&#8221;without_pattern&#8221;][vc_column][vc_column_text el_class=&#8221;texte&#8221;]Una Cookie \u00e9s un fitxer que es descarrega en el seu ordinador en accedir a determinades p\u00e0gines web. Les cookies permeten a una p\u00e0gina web, entre altres coses, emmagatzemar i recuperar informaci\u00f3 sobre els h\u00e0bits de navegaci\u00f3 d&#8217;un usuari o del seu equip i, depenent de la informaci\u00f3 que contingui i de la forma en qu\u00e8 utilitzi el seu equip, poden utilitzar-se per a recon\u00e8ixer a l&#8217;usuari.<br \/>\nLes cookies s\u00f3n essencials per al funcionament d&#8217;internet, aportant innombrables avantatges en la prestaci\u00f3 de serveis interactius, facilitant-li la navegaci\u00f3 i usabilitat de la nostra web.<\/p>\n<p>La informaci\u00f3 que li proporcionem a continuaci\u00f3, l&#8217;ajudar\u00e0 a comprendre els diferents tipus de cookies:<\/p>\n<p>1. SEGONS L&#8217;ENTITAT QUE LES GESTIONI<br \/>\no Cookies pr\u00f2pies: S\u00f3n aquelles que es recapten pel propi editor per a prestar el servei sol\u00b7licitat per l&#8217;usuari.<br \/>\no Cookies de tercer: S\u00f3n aquelles que s\u00f3n recaptades i gestionades per un tercer, aquestes no es poden considerar pr\u00f2pies.<\/p>\n<p>2. SEGONS EL TERMINI DE TEMPS QUE ROMANGUIN ACTIVADES<br \/>\no Cookies de sessi\u00f3: Recapten dades mentre l&#8217;usuari navega per la xarxa amb la finalitat de prestar el servei sol\u00b7licitat.<br \/>\no Cookies persistents: S&#8217;emmagatzemen en el terminal i la informaci\u00f3 obtinguda, ser\u00e0 utilitzada pel responsable de la cookie amb la finalitat de prestar el servei sol\u00b7licitat.<\/p>\n<p>3. SEGONS LA SEVA FINALITAT<br \/>\no Cookies t\u00e8cniques: S\u00f3n les necess\u00e0ries per a la correcta navegaci\u00f3 per la web.<br \/>\no Cookies de personalitzaci\u00f3: Permeten a l&#8217;usuari les caracter\u00edstiques (idioma) per a la navegaci\u00f3 per la website.<br \/>\no Cookies d&#8217;an\u00e0lisis: Permeten al prestador l&#8217;an\u00e0lisi vinculada a la navegaci\u00f3 realitzada per l&#8217;usuari, amb la finalitat de portar un seguiment d&#8217;\u00fas de la p\u00e0gina web, aix\u00ed com realitzar estad\u00edstiques dels continguts m\u00e9s visitats, nombre de visitants, etc.<br \/>\no Cookies publicit\u00e0ries: Permeten a l&#8217;editor incloure en la web, espais publicitaris, segons el contingut de la pr\u00f2pia web.<br \/>\no Cookies de publicitat comportamental: Permeten a l&#8217;editor incloure en la p\u00e0gina web espais publicitaris segons la informaci\u00f3 obtinguda a trav\u00e9s dels h\u00e0bits de navegaci\u00f3 de l&#8217;usuari.<\/p>\n<p>[\/vc_column_text][vc_empty_space][vc_column_text]Aix\u00ed mateix, s&#8217;informa l&#8217;usuari que t\u00e9 la possibilitat de configurar el seu navegador de manera que se l&#8217;informi de la recepci\u00f3 de cookies, podent, si aix\u00ed ho desitja, impedir que siguin instal\u00b7lades en el seu disc dur.<\/p>\n<p>A continuaci\u00f3 li proporcionem els enlla\u00e7os de diversos navegadors, a trav\u00e9s dels quals podr\u00e0 realitzar aquesta configuraci\u00f3:[\/vc_column_text][vc_empty_space][vc_column_text]<\/p>\n<ul>\n<li>Firefox:\u00a0<a href=\"https:\/\/support.mozilla.org\/es\/kb\/habilitar-y-deshabilitar-cookies-sitios-web-rastrear-preferencias?redirectlocale=es&amp;redirectslug=habilitar-y-deshabilitar-cookies-que-los-sitios-we\" target=\"_blank\" rel=\"nofollow noopener noreferrer\">https:\/\/support.mozilla.org\/es\/kb\/habilitar-y-deshabilitar-cookies-sitios-web-rastrear-preferencias?redirectlocale=es&amp;redirectslug=habilitar-y-deshabilitar-cookies-que-los-sitios-we<\/a><\/li>\n<li>Chrome:\u00a0<a href=\"https:\/\/support.google.com\/chrome\/answer\/95647?hl=es\" target=\"_blank\" rel=\"nofollow noopener noreferrer\">https:\/\/support.google.com\/chrome\/answer\/95647?hl=es<\/a><\/li>\n<li>Explorer:\u00a0<a href=\"https:\/\/support.microsoft.com\/es-es\/help\/17442\/windows-internet-explorer-delete-manage-cookies#ie=ie-10\" target=\"_blank\" rel=\"nofollow noopener noreferrer\">https:\/\/support.microsoft.com\/es-es\/help\/17442\/windows-internet-explorer-delete-manage-cookies#ie=ie-10<\/a><\/li>\n<li>Safari:\u00a0<a href=\"https:\/\/support.apple.com\/es-es\/guide\/safari\/sfri11471\/mac\" target=\"_blank\" rel=\"nofollow noopener noreferrer\">https:\/\/support.apple.com\/es-es\/guide\/safari\/sfri11471\/mac<\/a><\/li>\n<li>Opera:\u00a0<a href=\"https:\/\/help.opera.com\/en\/latest\/web-preferences\/#cookies\" target=\"_blank\" rel=\"nofollow noopener noreferrer\">https:\/\/help.opera.com\/en\/latest\/web-preferences\/#cookies<\/a><\/li>\n<\/ul>\n<p>[\/vc_column_text][vc_empty_space][\/vc_column][\/vc_row]<\/p>\n","protected":false},"excerpt":{"rendered":"<p>[vc_row css_animation=&#8221;&#8221; row_type=&#8221;row&#8221; use_row_as_full_screen_section=&#8221;no&#8221; type=&#8221;full_width&#8221; angled_section=&#8221;no&#8221; text_align=&#8221;left&#8221; background_image_as_pattern=&#8221;without_pattern&#8221;][vc_column][vc_column_text el_class=&#8221;texte&#8221;]Una Cookie \u00e9s un fitxer que es descarrega en el seu ordinador en accedir a determinades p\u00e0gines web. Les cookies permeten a una p\u00e0gina web, entre altres coses, emmagatzemar i recuperar informaci\u00f3 sobre els h\u00e0bits de navegaci\u00f3&#8230;<\/p>\n","protected":false},"author":1,"featured_media":0,"parent":0,"menu_order":0,"comment_status":"closed","ping_status":"closed","template":"","meta":{"footnotes":""},"class_list":["post-1235","page","type-page","status-publish","hentry"],"yoast_head":"<!-- This site is optimized with the Yoast SEO plugin v26.9 - https:\/\/yoast.com\/product\/yoast-seo-wordpress\/ -->\n<title>Pol\u00edtica de cookies - Diet\u00e9tica Girasol<\/title>\n<meta name=\"description\" content=\"Pol\u00edtica de cookies del nostre lloc web.\" \/>\n<meta name=\"robots\" content=\"index, follow, max-snippet:-1, max-image-preview:large, max-video-preview:-1\" \/>\n<link rel=\"canonical\" href=\"https:\/\/www.dieteticagirasol.es\/ca\/politica-de-cookies\/\" \/>\n<meta property=\"og:locale\" content=\"ca_ES\" \/>\n<meta property=\"og:type\" content=\"article\" \/>\n<meta property=\"og:title\" content=\"Pol\u00edtica de cookies - Diet\u00e9tica Girasol\" \/>\n<meta property=\"og:description\" content=\"Pol\u00edtica de cookies del nostre lloc web.\" \/>\n<meta property=\"og:url\" content=\"https:\/\/www.dieteticagirasol.es\/ca\/politica-de-cookies\/\" \/>\n<meta property=\"og:site_name\" content=\"Diet\u00e9tica Girasol\" \/>\n<meta property=\"article:modified_time\" content=\"2021-03-23T14:48:22+00:00\" \/>\n<meta property=\"og:image\" content=\"https:\/\/www.dieteticagirasol.es\/wp-content\/uploads\/2021\/02\/cereales.jpg\" \/>\n\t<meta property=\"og:image:width\" content=\"1000\" \/>\n\t<meta property=\"og:image:height\" content=\"667\" \/>\n\t<meta property=\"og:image:type\" content=\"image\/jpeg\" \/>\n<meta name=\"twitter:card\" content=\"summary_large_image\" \/>\n<script type=\"application\/ld+json\" class=\"yoast-schema-graph\">{\"@context\":\"https:\/\/schema.org\",\"@graph\":[{\"@type\":\"WebPage\",\"@id\":\"https:\/\/www.dieteticagirasol.es\/ca\/politica-de-cookies\/\",\"url\":\"https:\/\/www.dieteticagirasol.es\/ca\/politica-de-cookies\/\",\"name\":\"Pol\u00edtica de cookies - Diet\u00e9tica Girasol\",\"isPartOf\":{\"@id\":\"https:\/\/www.dieteticagirasol.es\/ca\/#website\"},\"datePublished\":\"2021-02-01T10:23:04+00:00\",\"dateModified\":\"2021-03-23T14:48:22+00:00\",\"description\":\"Pol\u00edtica de cookies del nostre lloc web.\",\"breadcrumb\":{\"@id\":\"https:\/\/www.dieteticagirasol.es\/ca\/politica-de-cookies\/#breadcrumb\"},\"inLanguage\":\"ca\",\"potentialAction\":[{\"@type\":\"ReadAction\",\"target\":[\"https:\/\/www.dieteticagirasol.es\/ca\/politica-de-cookies\/\"]}]},{\"@type\":\"BreadcrumbList\",\"@id\":\"https:\/\/www.dieteticagirasol.es\/ca\/politica-de-cookies\/#breadcrumb\",\"itemListElement\":[{\"@type\":\"ListItem\",\"position\":1,\"name\":\"Inici\",\"item\":\"https:\/\/www.dieteticagirasol.es\/ca\/\"},{\"@type\":\"ListItem\",\"position\":2,\"name\":\"Pol\u00edtica de cookies\"}]},{\"@type\":\"WebSite\",\"@id\":\"https:\/\/www.dieteticagirasol.es\/ca\/#website\",\"url\":\"https:\/\/www.dieteticagirasol.es\/ca\/\",\"name\":\"Herborister\u00eda y Diet\u00e9tica Girasol\",\"description\":\"\",\"publisher\":{\"@id\":\"https:\/\/www.dieteticagirasol.es\/ca\/#organization\"},\"alternateName\":\"Herborister\u00eda y Diet\u00e9tica Girasol\",\"potentialAction\":[{\"@type\":\"SearchAction\",\"target\":{\"@type\":\"EntryPoint\",\"urlTemplate\":\"https:\/\/www.dieteticagirasol.es\/ca\/?s={search_term_string}\"},\"query-input\":{\"@type\":\"PropertyValueSpecification\",\"valueRequired\":true,\"valueName\":\"search_term_string\"}}],\"inLanguage\":\"ca\"},{\"@type\":\"Organization\",\"@id\":\"https:\/\/www.dieteticagirasol.es\/ca\/#organization\",\"name\":\"Diet\u00e8tica Girasol\",\"url\":\"https:\/\/www.dieteticagirasol.es\/ca\/\",\"logo\":{\"@type\":\"ImageObject\",\"inLanguage\":\"ca\",\"@id\":\"https:\/\/www.dieteticagirasol.es\/ca\/#\/schema\/logo\/image\/\",\"url\":\"https:\/\/www.dieteticagirasol.es\/wp-content\/uploads\/2021\/02\/girasol-logo.png\",\"contentUrl\":\"https:\/\/www.dieteticagirasol.es\/wp-content\/uploads\/2021\/02\/girasol-logo.png\",\"width\":256,\"height\":100,\"caption\":\"Diet\u00e8tica Girasol\"},\"image\":{\"@id\":\"https:\/\/www.dieteticagirasol.es\/ca\/#\/schema\/logo\/image\/\"},\"sameAs\":[\"https:\/\/www.instagram.com\/dietetica_girasol\/\"]}]}<\/script>\n<!-- \/ Yoast SEO plugin. -->","yoast_head_json":{"title":"Pol\u00edtica de cookies - Diet\u00e9tica Girasol","description":"Pol\u00edtica de cookies del nostre lloc web.","robots":{"index":"index","follow":"follow","max-snippet":"max-snippet:-1","max-image-preview":"max-image-preview:large","max-video-preview":"max-video-preview:-1"},"canonical":"https:\/\/www.dieteticagirasol.es\/ca\/politica-de-cookies\/","og_locale":"ca_ES","og_type":"article","og_title":"Pol\u00edtica de cookies - Diet\u00e9tica Girasol","og_description":"Pol\u00edtica de cookies del nostre lloc web.","og_url":"https:\/\/www.dieteticagirasol.es\/ca\/politica-de-cookies\/","og_site_name":"Diet\u00e9tica Girasol","article_modified_time":"2021-03-23T14:48:22+00:00","og_image":[{"width":1000,"height":667,"url":"https:\/\/www.dieteticagirasol.es\/wp-content\/uploads\/2021\/02\/cereales.jpg","type":"image\/jpeg"}],"twitter_card":"summary_large_image","schema":{"@context":"https:\/\/schema.org","@graph":[{"@type":"WebPage","@id":"https:\/\/www.dieteticagirasol.es\/ca\/politica-de-cookies\/","url":"https:\/\/www.dieteticagirasol.es\/ca\/politica-de-cookies\/","name":"Pol\u00edtica de cookies - Diet\u00e9tica Girasol","isPartOf":{"@id":"https:\/\/www.dieteticagirasol.es\/ca\/#website"},"datePublished":"2021-02-01T10:23:04+00:00","dateModified":"2021-03-23T14:48:22+00:00","description":"Pol\u00edtica de cookies del nostre lloc web.","breadcrumb":{"@id":"https:\/\/www.dieteticagirasol.es\/ca\/politica-de-cookies\/#breadcrumb"},"inLanguage":"ca","potentialAction":[{"@type":"ReadAction","target":["https:\/\/www.dieteticagirasol.es\/ca\/politica-de-cookies\/"]}]},{"@type":"BreadcrumbList","@id":"https:\/\/www.dieteticagirasol.es\/ca\/politica-de-cookies\/#breadcrumb","itemListElement":[{"@type":"ListItem","position":1,"name":"Inici","item":"https:\/\/www.dieteticagirasol.es\/ca\/"},{"@type":"ListItem","position":2,"name":"Pol\u00edtica de cookies"}]},{"@type":"WebSite","@id":"https:\/\/www.dieteticagirasol.es\/ca\/#website","url":"https:\/\/www.dieteticagirasol.es\/ca\/","name":"Herborister\u00eda y Diet\u00e9tica Girasol","description":"","publisher":{"@id":"https:\/\/www.dieteticagirasol.es\/ca\/#organization"},"alternateName":"Herborister\u00eda y Diet\u00e9tica Girasol","potentialAction":[{"@type":"SearchAction","target":{"@type":"EntryPoint","urlTemplate":"https:\/\/www.dieteticagirasol.es\/ca\/?s={search_term_string}"},"query-input":{"@type":"PropertyValueSpecification","valueRequired":true,"valueName":"search_term_string"}}],"inLanguage":"ca"},{"@type":"Organization","@id":"https:\/\/www.dieteticagirasol.es\/ca\/#organization","name":"Diet\u00e8tica Girasol","url":"https:\/\/www.dieteticagirasol.es\/ca\/","logo":{"@type":"ImageObject","inLanguage":"ca","@id":"https:\/\/www.dieteticagirasol.es\/ca\/#\/schema\/logo\/image\/","url":"https:\/\/www.dieteticagirasol.es\/wp-content\/uploads\/2021\/02\/girasol-logo.png","contentUrl":"https:\/\/www.dieteticagirasol.es\/wp-content\/uploads\/2021\/02\/girasol-logo.png","width":256,"height":100,"caption":"Diet\u00e8tica Girasol"},"image":{"@id":"https:\/\/www.dieteticagirasol.es\/ca\/#\/schema\/logo\/image\/"},"sameAs":["https:\/\/www.instagram.com\/dietetica_girasol\/"]}]}},"_links":{"self":[{"href":"https:\/\/www.dieteticagirasol.es\/ca\/wp-json\/wp\/v2\/pages\/1235","targetHints":{"allow":["GET"]}}],"collection":[{"href":"https:\/\/www.dieteticagirasol.es\/ca\/wp-json\/wp\/v2\/pages"}],"about":[{"href":"https:\/\/www.dieteticagirasol.es\/ca\/wp-json\/wp\/v2\/types\/page"}],"author":[{"embeddable":true,"href":"https:\/\/www.dieteticagirasol.es\/ca\/wp-json\/wp\/v2\/users\/1"}],"replies":[{"embeddable":true,"href":"https:\/\/www.dieteticagirasol.es\/ca\/wp-json\/wp\/v2\/comments?post=1235"}],"version-history":[{"count":0,"href":"https:\/\/www.dieteticagirasol.es\/ca\/wp-json\/wp\/v2\/pages\/1235\/revisions"}],"wp:attachment":[{"href":"https:\/\/www.dieteticagirasol.es\/ca\/wp-json\/wp\/v2\/media?parent=1235"}],"curies":[{"name":"wp","href":"https:\/\/api.w.org\/{rel}","templated":true}]}}